{"id":7,"date":"2017-03-02T10:56:01","date_gmt":"2017-03-02T09:56:01","guid":{"rendered":"http:\/\/blog.tempries.de\/?page_id=7"},"modified":"2020-08-26T16:12:41","modified_gmt":"2020-08-26T14:12:41","slug":"impressum","status":"publish","type":"page","link":"https:\/\/blog.tempries.de\/?page_id=7","title":{"rendered":"Impressum"},"content":{"rendered":"<p>tempries GmbH<br \/>\nD\u00fcrerstra\u00dfe 14<br \/>\n39307 Genthin<br \/>\nEingetragen beim Amtsgericht Stendal HRB 19015, vertreten durch den Gesch\u00e4ftsf\u00fchrer Arne Jehle.<\/p>\n<p><a href=\"http:\/\/www.tempries.de\">http:\/\/www.tempries.de<\/a><\/p>\n<p>Erfahren Sie hier mehr \u00fcber unseren <a href=\"https:\/\/www.tempries.de\/Downloads\/2018-05-17%20Datenschutzvereinbarung%20tempries%20GmbH.pdf\" target=\"_blank\" rel=\"noopener noreferrer\">Datenschutz<\/a>.<\/p>\n","protected":false},"excerpt":{"rendered":"<p>tempries GmbH D\u00fcrerstra\u00dfe 14 39307 Genthin Eingetragen beim Amtsgericht Stendal HRB 19015, vertreten durch den Gesch\u00e4ftsf\u00fchrer Arne Jehle. http:\/\/www.tempries.de Erfahren Sie hier mehr \u00fcber unseren Datenschutz.<\/p>\n","protected":false},"author":1,"featured_media":0,"parent":0,"menu_order":0,"comment_status":"closed","ping_status":"closed","template":"","meta":{"footnotes":""},"class_list":["post-7","page","type-page","status-publish","hentry"],"_links":{"self":[{"href":"https:\/\/blog.tempries.de\/index.php?rest_route=\/wp\/v2\/pages\/7","targetHints":{"allow":["GET"]}}],"collection":[{"href":"https:\/\/blog.tempries.de\/index.php?rest_route=\/wp\/v2\/pages"}],"about":[{"href":"https:\/\/blog.tempries.de\/index.php?rest_route=\/wp\/v2\/types\/page"}],"author":[{"embeddable":true,"href":"https:\/\/blog.tempries.de\/index.php?rest_route=\/wp\/v2\/users\/1"}],"replies":[{"embeddable":true,"href":"https:\/\/blog.tempries.de\/index.php?rest_route=%2Fwp%2Fv2%2Fcomments&post=7"}],"version-history":[{"count":5,"href":"https:\/\/blog.tempries.de\/index.php?rest_route=\/wp\/v2\/pages\/7\/revisions"}],"predecessor-version":[{"id":224,"href":"https:\/\/blog.tempries.de\/index.php?rest_route=\/wp\/v2\/pages\/7\/revisions\/224"}],"wp:attachment":[{"href":"https:\/\/blog.tempries.de\/index.php?rest_route=%2Fwp%2Fv2%2Fmedia&parent=7"}],"curies":[{"name":"wp","href":"https:\/\/api.w.org\/{rel}","templated":true}]}}